{"id":9352,"date":"2025-01-17T14:59:48","date_gmt":"2025-01-17T13:59:48","guid":{"rendered":"https:\/\/methodemathilde.com\/?post_type=product&#038;p=9352"},"modified":"2026-04-20T09:40:02","modified_gmt":"2026-04-20T07:40:02","slug":"colombe-robe-et-jupe-a-fronces","status":"publish","type":"product","link":"https:\/\/methodemathilde.com\/en\/product\/colombe-robe-et-jupe-a-fronces\/","title":{"rendered":"Colombe :<br>robe et jupe \u00e0 fronces"},"content":{"rendered":"<div>\n<p class=\"cvGsUA direction-ltr align-center para-style-body\"><span class=\"OYPEnA font-feature-liga-off font-feature-clig-off font-feature-calt-off text-decoration-none text-strikethrough-none\">Colombe is a timeless dress, to wear from fall to spring. With boots and a cardigan to go to work, or a pair of high heels to go out dancing, the design adapts itself to all situations! <\/span><span class=\"OYPEnA font-feature-liga-off font-feature-clig-off font-feature-calt-off text-decoration-none text-strikethrough-none\">It presents pleats on the bodice, an elastic waistband, a skirt will frill and sleeve cuffs with smocks. Fully lined except for the sleeves, its cut puts emphasis on fluid fabrics. <\/span><span class=\"OYPEnA font-feature-liga-off font-feature-clig-off font-feature-calt-off text-decoration-none text-strikethrough-none\">The design can also be made as a skirt.<\/span><\/p>\n<\/div>\n<p>&nbsp;<\/p>\n<p>The design characteristics:<\/p>\n<ul>\n<li>V neckline<\/li>\n<li>Pleats on the bodice<\/li>\n<li>Smock effect elastic waistband<\/li>\n<li>Short flared skirt with frill<\/li>\n<li>Long puff sleeves<\/li>\n<li>Sleeve cuffs with smocks and frills<\/li>\n<\/ul>","protected":false},"excerpt":{"rendered":"<p>Colombe est une robe intemporelle, \u00e0 porter de l\u2019automne au printemps. Avec des bottes et un cardigan pour aller au travail, ou bien une paire de talons pour sortir danser, elle s\u2019adapte \u00e0 toutes les situations ! Elle pr\u00e9sente un jeu de plis sur le buste, une ceinture \u00e9lastique, une jupe \u00e0 volant et des [&hellip;]<\/p>","protected":false},"featured_media":9462,"template":"","meta":{"_acf_changed":false},"product_brand":[],"product_cat":[45,18],"product_tag":[117,116,88,93,89,59,114],"class_list":{"0":"post-9352","1":"product","2":"type-product","3":"status-publish","4":"has-post-thumbnail","6":"product_cat-jupes","7":"product_cat-robes","8":"product_tag-patron-de-couture-debutant","9":"product_tag-patron-de-couture-tutoriel-video","10":"product_tag-patron-pdf","11":"product_tag-pdf-sewing-pattern","12":"product_tag-sewing-pattern","13":"product_tag-tutoriel-couture","14":"product_tag-video-tutorial-sewing-pattern","16":"first","17":"instock","18":"taxable","19":"shipping-taxable","20":"purchasable","21":"product-type-variable"},"acf":[],"_links":{"self":[{"href":"https:\/\/methodemathilde.com\/en\/wp-json\/wp\/v2\/product\/9352"}],"collection":[{"href":"https:\/\/methodemathilde.com\/en\/wp-json\/wp\/v2\/product"}],"about":[{"href":"https:\/\/methodemathilde.com\/en\/wp-json\/wp\/v2\/types\/product"}],"version-history":[{"count":0,"href":"https:\/\/methodemathilde.com\/en\/wp-json\/wp\/v2\/product\/9352\/revisions"}],"wp:featuredmedia":[{"embeddable":true,"href":"https:\/\/methodemathilde.com\/en\/wp-json\/wp\/v2\/media\/9462"}],"wp:attachment":[{"href":"https:\/\/methodemathilde.com\/en\/wp-json\/wp\/v2\/media?parent=9352"}],"wp:term":[{"taxonomy":"product_brand","embeddable":true,"href":"https:\/\/methodemathilde.com\/en\/wp-json\/wp\/v2\/product_brand?post=9352"},{"taxonomy":"product_cat","embeddable":true,"href":"https:\/\/methodemathilde.com\/en\/wp-json\/wp\/v2\/product_cat?post=9352"},{"taxonomy":"product_tag","embeddable":true,"href":"https:\/\/methodemathilde.com\/en\/wp-json\/wp\/v2\/product_tag?post=9352"}],"curies":[{"name":"wp","href":"https:\/\/api.w.org\/{rel}","templated":true}]}}