{"id":7795,"date":"2024-07-06T19:17:09","date_gmt":"2024-07-06T17:17:09","guid":{"rendered":"https:\/\/methodemathilde.com\/?post_type=product&#038;p=7795"},"modified":"2026-04-07T11:21:13","modified_gmt":"2026-04-07T09:21:13","slug":"robe-et-jupe-theodora","status":"publish","type":"product","link":"https:\/\/methodemathilde.com\/en\/product\/robe-et-jupe-theodora\/","title":{"rendered":"Th\u00e9odora dress and skirt"},"content":{"rendered":"<div>\n<p>Th\u00e9odora is a little summer dress that I have in mind for a bit of time!<\/p>\n<\/div>\n<div>\n<p>Its uniqueness comes from the neckline, where the bodice gathers around a necklace shaped strap. Its, cleavage, its flattery fit, and its slit skirt make this garment very feminine. You will enjoy wearing it all summer long.<\/p>\n<\/div>\n<div>\n<p>En fonction des tissus choisis, elle peut aussi bien se porter en vacances ou lors d&rsquo;une occasion festive.<\/p>\n<\/div>\n<div>\n<p><span class=\"OYPEnA font-feature-liga-off font-feature-clig-off font-feature-calt-off text-decoration-none text-strikethrough-none\">I designed this garment to be easy to sew, for it to join all the seamstress\u2019 wardrobes, from beginners to more experienced ones.<\/span><\/p>\n<\/div>\n<p>&nbsp;<\/p>\n<p>The design characteristics:<\/p>\n<ul>\n<li>Jeu de fronces \u00e0 l&rsquo;encolure<\/li>\n<li>Princess yokes<\/li>\n<li>Close fitted waist<\/li>\n<li>Paneled skirt, maxi length, slit<\/li>\n<li>Invisible zipper in the back<\/li>\n<\/ul>","protected":false},"excerpt":{"rendered":"<p>Th\u00e9odora est la petite robe estivale dont l\u2019id\u00e9e me trotte en t\u00eate depuis un bout de temps\u00a0! Elle tient sa singularit\u00e9 de son encolure o\u00f9 le buste se fronce autour d\u2019une bretelle collier. Son d\u00e9collet\u00e9, sa coupe flatteuse et sa jupe fendue en font un mod\u00e8le f\u00e9minin, que vous aurez plaisir \u00e0 arborer cet \u00e9t\u00e9. [&hellip;]<\/p>","protected":false},"featured_media":11449,"template":"","meta":{"_acf_changed":false},"product_brand":[],"product_cat":[45,18],"product_tag":[47,207,206,117,116,88,93,19,208,209,89,59,114],"class_list":{"0":"post-7795","1":"product","2":"type-product","3":"status-publish","4":"has-post-thumbnail","6":"product_cat-jupes","7":"product_cat-robes","8":"product_tag-jupe","9":"product_tag-jupe-dete","10":"product_tag-jupe-fendue","11":"product_tag-patron-de-couture-debutant","12":"product_tag-patron-de-couture-tutoriel-video","13":"product_tag-patron-pdf","14":"product_tag-pdf-sewing-pattern","15":"product_tag-robe","16":"product_tag-robe-dete","17":"product_tag-robe-fendue","18":"product_tag-sewing-pattern","19":"product_tag-tutoriel-couture","20":"product_tag-video-tutorial-sewing-pattern","22":"first","23":"instock","24":"taxable","25":"shipping-taxable","26":"purchasable","27":"product-type-variable"},"acf":[],"_links":{"self":[{"href":"https:\/\/methodemathilde.com\/en\/wp-json\/wp\/v2\/product\/7795"}],"collection":[{"href":"https:\/\/methodemathilde.com\/en\/wp-json\/wp\/v2\/product"}],"about":[{"href":"https:\/\/methodemathilde.com\/en\/wp-json\/wp\/v2\/types\/product"}],"version-history":[{"count":0,"href":"https:\/\/methodemathilde.com\/en\/wp-json\/wp\/v2\/product\/7795\/revisions"}],"wp:featuredmedia":[{"embeddable":true,"href":"https:\/\/methodemathilde.com\/en\/wp-json\/wp\/v2\/media\/11449"}],"wp:attachment":[{"href":"https:\/\/methodemathilde.com\/en\/wp-json\/wp\/v2\/media?parent=7795"}],"wp:term":[{"taxonomy":"product_brand","embeddable":true,"href":"https:\/\/methodemathilde.com\/en\/wp-json\/wp\/v2\/product_brand?post=7795"},{"taxonomy":"product_cat","embeddable":true,"href":"https:\/\/methodemathilde.com\/en\/wp-json\/wp\/v2\/product_cat?post=7795"},{"taxonomy":"product_tag","embeddable":true,"href":"https:\/\/methodemathilde.com\/en\/wp-json\/wp\/v2\/product_tag?post=7795"}],"curies":[{"name":"wp","href":"https:\/\/api.w.org\/{rel}","templated":true}]}}