{"id":6082,"date":"2024-02-27T12:35:28","date_gmt":"2024-02-27T11:35:28","guid":{"rendered":"https:\/\/methodemathilde.com\/?post_type=product&#038;p=6082"},"modified":"2026-04-22T06:40:34","modified_gmt":"2026-04-22T04:40:34","slug":"robe-haut-et-jupe-armance","status":"publish","type":"product","link":"https:\/\/methodemathilde.com\/en\/product\/robe-haut-et-jupe-armance\/","title":{"rendered":"Armance : robe, haut et jupe portefeuille"},"content":{"rendered":"<div data-elementor-type=\"product-post\" data-elementor-id=\"6082\" class=\"elementor elementor-6082\" data-elementor-post-type=\"product\">\n\t\t\t\t\t\t<section class=\"elementor-section elementor-top-section elementor-element elementor-element-56be44f2 elementor-section-boxed elementor-section-height-default elementor-section-height-default\" data-id=\"56be44f2\" data-element_type=\"section\" data-e-type=\"section\">\n\t\t\t\t\t\t<div class=\"elementor-container elementor-column-gap-default\">\n\t\t\t\t\t<div class=\"elementor-column elementor-col-100 elementor-top-column elementor-element elementor-element-754d3b51\" data-id=\"754d3b51\" data-element_type=\"column\" data-e-type=\"column\">\n\t\t\t<div class=\"elementor-widget-wrap elementor-element-populated\">\n\t\t\t\t\t\t<div class=\"elementor-element elementor-element-3072564 elementor-widget elementor-widget-button\" data-id=\"3072564\" data-element_type=\"widget\" data-e-type=\"widget\" data-widget_type=\"button.default\">\n\t\t\t\t<div class=\"elementor-widget-container\">\n\t\t\t\t\t\t\t\t\t<div class=\"elementor-button-wrapper\">\n\t\t\t\t\t<a class=\"elementor-button elementor-button-link elementor-size-sm\" href=\"#\">\n\t\t\t\t\t\t<span class=\"elementor-button-content-wrapper\">\n\t\t\t\t\t\t\t\t\t<span class=\"elementor-button-text\">T\u00e9l\u00e9chargement PDF Imm\u00e9diat<\/span>\n\t\t\t\t\t<\/span>\n\t\t\t\t\t<\/a>\n\t\t\t\t<\/div>\n\t\t\t\t\t\t\t\t<\/div>\n\t\t\t\t<\/div>\n\t\t\t\t<div class=\"elementor-element elementor-element-402dcb36 elementor-widget elementor-widget-text-editor\" data-id=\"402dcb36\" data-element_type=\"widget\" data-e-type=\"widget\" data-widget_type=\"text-editor.default\">\n\t\t\t\t<div class=\"elementor-widget-container\">\n\t\t\t\t\t\t\t\t\t<div><p class=\"xp1\">\u00a0<\/p><p class=\"xp1\">La robe portefeuille est l\u2019un des <strong>mod\u00e8les les plus appr\u00e9ci\u00e9s<\/strong> en couture et cela fait des mois que j\u2019avais envie de vous en proposer une. Intemporelle, f\u00e9minine et flatteuse, sa coupe crois\u00e9e aux inspirations vintage sublime la silhouette tout en s\u2019adaptant \u00e0 toutes les morphologies.<br \/>Ce patron de robe portefeuille est parfait pour cr\u00e9er une pi\u00e8ce aussi confortable qu\u2019\u00e9l\u00e9gante, \u00e0 porter au quotidien ou pour une occasion festive.<br \/>Je l\u2018ai imagin\u00e9 <strong>facile<\/strong> et <strong>versatile<\/strong> pour qu\u2018il puisse vous accompagner en tout temps. En robe, en jupe ou en haut, avec des manches longues ou courtes : les versions du mod\u00e8le Armance sont nombreuses. \u00c0 vous de l\u2019interpr\u00e9ter \u00e0 souhait au<br \/>fil des saisons !<\/p><\/div><h3>The design characteristics:<\/h3><ul><li>V wrapped neckline<\/li><li>Pleats on the shoulders and at the waist<\/li><li>Fitted waist<\/li><li>Waistband to be tied with a bow in the back<\/li><li>Long puff sleeves with buttoned cuffs and frills<\/li><li>Or short sleeves<\/li><li>Tail for the top<\/li><li>Flared skirt for the dress or the skirt<\/li><li>Int\u00e9gralement doubl\u00e9 \u00e0 l\u2019exception des manches et des volants<\/li><\/ul>\t\t\t\t\t\t\t\t<\/div>\n\t\t\t\t<\/div>\n\t\t\t\t\t<\/div>\n\t\t<\/div>\n\t\t\t\t\t<\/div>\n\t\t<\/section>\n\t\t\t\t<\/div>","protected":false},"excerpt":{"rendered":"<p>T\u00e9l\u00e9chargement PDF Imm\u00e9diat La robe portefeuille est l\u2019un des mod\u00e8les les plus appr\u00e9ci\u00e9s en couture et cela fait des mois que j\u2019avais envie de vous en proposer une. Intemporelle, f\u00e9minine et flatteuse, sa coupe crois\u00e9e aux inspirations vintage sublime la silhouette tout en s\u2019adaptant \u00e0 toutes les morphologies. Ce patron de robe portefeuille est parfait [&hellip;]<\/p>","protected":false},"featured_media":11440,"template":"","meta":{"_acf_changed":false},"product_brand":[],"product_cat":[74,75,45,18],"product_tag":[194,191,192,117,116,88,20,57,93,166,193,131,155,190,33,72,89,157,153,59,195,114,189],"class_list":{"0":"post-6082","1":"product","2":"type-product","3":"status-publish","4":"has-post-thumbnail","6":"product_cat-blouse","7":"product_cat-haut","8":"product_cat-jupes","9":"product_cat-robes","10":"product_tag-decollete-en-v","11":"product_tag-haut-portefeuille","12":"product_tag-jupe-portefeuille","13":"product_tag-patron-de-couture-debutant","14":"product_tag-patron-de-couture-tutoriel-video","15":"product_tag-patron-pdf","16":"product_tag-patron-robe","17":"product_tag-patron-robe-facile","18":"product_tag-pdf-sewing-pattern","19":"product_tag-robe-cottagecore","20":"product_tag-robe-croisee","21":"product_tag-robe-de-demoiselle-dhonneur","22":"product_tag-robe-ete","23":"product_tag-robe-portefeuille","24":"product_tag-robe-qui-tourne","25":"product_tag-robe-sexy","26":"product_tag-sewing-pattern","27":"product_tag-sexy-dress","28":"product_tag-summer-dress","29":"product_tag-tutoriel-couture","30":"product_tag-v-neckline","31":"product_tag-video-tutorial-sewing-pattern","32":"product_tag-wrap-dress","34":"first","35":"instock","36":"taxable","37":"shipping-taxable","38":"purchasable","39":"product-type-variable"},"acf":[],"_links":{"self":[{"href":"https:\/\/methodemathilde.com\/en\/wp-json\/wp\/v2\/product\/6082"}],"collection":[{"href":"https:\/\/methodemathilde.com\/en\/wp-json\/wp\/v2\/product"}],"about":[{"href":"https:\/\/methodemathilde.com\/en\/wp-json\/wp\/v2\/types\/product"}],"version-history":[{"count":0,"href":"https:\/\/methodemathilde.com\/en\/wp-json\/wp\/v2\/product\/6082\/revisions"}],"wp:featuredmedia":[{"embeddable":true,"href":"https:\/\/methodemathilde.com\/en\/wp-json\/wp\/v2\/media\/11440"}],"wp:attachment":[{"href":"https:\/\/methodemathilde.com\/en\/wp-json\/wp\/v2\/media?parent=6082"}],"wp:term":[{"taxonomy":"product_brand","embeddable":true,"href":"https:\/\/methodemathilde.com\/en\/wp-json\/wp\/v2\/product_brand?post=6082"},{"taxonomy":"product_cat","embeddable":true,"href":"https:\/\/methodemathilde.com\/en\/wp-json\/wp\/v2\/product_cat?post=6082"},{"taxonomy":"product_tag","embeddable":true,"href":"https:\/\/methodemathilde.com\/en\/wp-json\/wp\/v2\/product_tag?post=6082"}],"curies":[{"name":"wp","href":"https:\/\/api.w.org\/{rel}","templated":true}]}}