{"id":5790,"date":"2023-12-26T22:48:31","date_gmt":"2023-12-26T21:48:31","guid":{"rendered":"https:\/\/methodemathilde.com\/?post_type=product&#038;p=5790"},"modified":"2025-11-11T18:43:34","modified_gmt":"2025-11-11T17:43:34","slug":"extension-antoinette-a-manches","status":"publish","type":"product","link":"https:\/\/methodemathilde.com\/en\/product\/extension-antoinette-a-manches\/","title":{"rendered":"Antoinette with sleeves extension"},"content":{"rendered":"<p>The Antoinette with sleeves extension include 4 different pieces from the original pattern and an all new explanatory guide.<\/p>\n<p>&nbsp;<\/p>\n<p>The design characteristics:<\/p>\n<ul>\n<li>Curved cleavage on the front<\/li>\n<li>Low-cut or covered back<\/li>\n<li>Long gathered sleeves lightly fitted<\/li>\n<li>Fitted waist<\/li>\n<li>Invisible zipper in the back<\/li>\n<li>Straps with a bra strap holders' system<\/li>\n<\/ul>\n<p>&nbsp;<\/p>\n<p>This pattern is available in PDF format only.<\/p>","protected":false},"excerpt":{"rendered":"<p>L&rsquo;extension Antoinette \u00e0 manches comporte 4 morceaux diff\u00e9rents du patron original et un tout nouveau guide explicatif illustr\u00e9. &nbsp; Caract\u00e9ristiques du mod\u00e8le : D\u00e9collet\u00e9 devant incurv\u00e9 Dos d\u00e9collet\u00e9 ou couvert Manches longues fronc\u00e9es puis l\u00e9g\u00e8rement ajust\u00e9es Taille cintr\u00e9e Fermeture \u00e0 glissi\u00e8re invisible pr\u00e9vue dans le dos Bretelles avec syst\u00e8me d&rsquo;attache bretelles de soutien-gorge &nbsp; Ce [&hellip;]<\/p>","protected":false},"featured_media":11436,"template":"","meta":{"_acf_changed":false},"product_brand":[],"product_cat":[75,45,18],"product_tag":[165,164,163,117,116,88,20,57,93,162,161,166,131,160,155,33,22,72,89,157,159,153,59,114],"class_list":{"0":"post-5790","1":"product","2":"type-product","3":"status-publish","4":"has-post-thumbnail","6":"product_cat-haut","7":"product_cat-jupes","8":"product_cat-robes","9":"product_tag-bustier-incurve","10":"product_tag-decollete-incurve","11":"product_tag-jupe-a-volants","12":"product_tag-patron-de-couture-debutant","13":"product_tag-patron-de-couture-tutoriel-video","14":"product_tag-patron-pdf","15":"product_tag-patron-robe","16":"product_tag-patron-robe-facile","17":"product_tag-pdf-sewing-pattern","18":"product_tag-robe-a-volants","19":"product_tag-robe-bustier","20":"product_tag-robe-cottagecore","21":"product_tag-robe-de-demoiselle-dhonneur","22":"product_tag-robe-de-princesse","23":"product_tag-robe-ete","24":"product_tag-robe-qui-tourne","25":"product_tag-robe-romantique","26":"product_tag-robe-sexy","27":"product_tag-sewing-pattern","28":"product_tag-sexy-dress","29":"product_tag-strap-dress","30":"product_tag-summer-dress","31":"product_tag-tutoriel-couture","32":"product_tag-video-tutorial-sewing-pattern","34":"first","35":"instock","36":"downloadable","37":"virtual","38":"taxable","39":"purchasable","40":"product-type-simple"},"acf":[],"_links":{"self":[{"href":"https:\/\/methodemathilde.com\/en\/wp-json\/wp\/v2\/product\/5790"}],"collection":[{"href":"https:\/\/methodemathilde.com\/en\/wp-json\/wp\/v2\/product"}],"about":[{"href":"https:\/\/methodemathilde.com\/en\/wp-json\/wp\/v2\/types\/product"}],"version-history":[{"count":0,"href":"https:\/\/methodemathilde.com\/en\/wp-json\/wp\/v2\/product\/5790\/revisions"}],"wp:featuredmedia":[{"embeddable":true,"href":"https:\/\/methodemathilde.com\/en\/wp-json\/wp\/v2\/media\/11436"}],"wp:attachment":[{"href":"https:\/\/methodemathilde.com\/en\/wp-json\/wp\/v2\/media?parent=5790"}],"wp:term":[{"taxonomy":"product_brand","embeddable":true,"href":"https:\/\/methodemathilde.com\/en\/wp-json\/wp\/v2\/product_brand?post=5790"},{"taxonomy":"product_cat","embeddable":true,"href":"https:\/\/methodemathilde.com\/en\/wp-json\/wp\/v2\/product_cat?post=5790"},{"taxonomy":"product_tag","embeddable":true,"href":"https:\/\/methodemathilde.com\/en\/wp-json\/wp\/v2\/product_tag?post=5790"}],"curies":[{"name":"wp","href":"https:\/\/api.w.org\/{rel}","templated":true}]}}