{"id":5421,"date":"2023-10-30T10:36:35","date_gmt":"2023-10-30T09:36:35","guid":{"rendered":"https:\/\/methodemathilde.com\/?post_type=product&#038;p=5421"},"modified":"2026-04-15T18:40:10","modified_gmt":"2026-04-15T16:40:10","slug":"manteau-trench-benedicte","status":"publish","type":"product","link":"https:\/\/methodemathilde.com\/en\/product\/manteau-trench-benedicte\/","title":{"rendered":"B\u00e9n\u00e9dicte trench coat"},"content":{"rendered":"<p style=\"font-weight: 300;\">The B\u00e9n\u00e9dicte design is the first exterior garment I propose to you! Elegant, refined, intemporal, it will become an indispensable piece of your wardrobe. It is a trench coat, with a belt around the waist, with a lovely reversed box pleat in the back, that we can wear buttoned-up till the neckline or open. Once wear, its vintage inspired cut will give you an elegant look with no effort. As you can sew it as a mid-seasons trench-coat of as a wintery coat, it will allow you to vary your projects. Happily interpret it as seasons goes by!<\/p>\n<p>&nbsp;<\/p>\n<p>The design characteristics:<\/p>\n<ul>\n<li>Revisited tailored collar to wear closed-up or open<\/li>\n<li>Overlap cut on the front<\/li>\n<li>Buttons from the neckline to the hips<\/li>\n<li>Reversed box pleat in the back<\/li>\n<li>Belt with loops<\/li>\n<li>Tailored sleeves<\/li>\n<li>Sleeve bands with loops<\/li>\n<li>Functional welt pockets<\/li>\n<li>Midi length<\/li>\n<li>Fully lined<\/li>\n<\/ul>","protected":false},"excerpt":{"rendered":"<p>Le mod\u00e8le B\u00e9n\u00e9dicte est le premier v\u00eatement d\u2019ext\u00e9rieur que je vous propose ! \u00c9l\u00e9gant, raffin\u00e9, intemporel, il se fera l\u2019incontournable de votre garde-robe. C\u2019est un manteau trench crois\u00e9, ceintur\u00e9 \u00e0 la taille, pr\u00e9sentant un ravissant pli creux dans le dos, que l\u2019on peut porter boutonn\u00e9 jusqu\u2019\u00e0 l\u2019encolure ou bien ouvert. Une fois enfil\u00e9, sa coupe [&hellip;]<\/p>","protected":false},"featured_media":11433,"template":"","meta":{"_acf_changed":false},"product_brand":[],"product_cat":[168,167],"product_tag":[182,170,171,177,185,175,179,172,117,116,173,88,174,93,178,89,183,184,153,169,181,186,176,180,59,114],"class_list":{"0":"post-5421","1":"product","2":"type-product","3":"status-publish","4":"has-post-thumbnail","6":"product_cat-manteau","7":"product_cat-trench","8":"product_tag-manches-tailleur","9":"product_tag-manteau","10":"product_tag-manteau-annees-50","11":"product_tag-manteau-croise","12":"product_tag-manteau-elegant","13":"product_tag-manteau-en-laine","14":"product_tag-manteau-long","15":"product_tag-manteau-parisienne","16":"product_tag-patron-de-couture-debutant","17":"product_tag-patron-de-couture-tutoriel-video","18":"product_tag-patron-manteau","19":"product_tag-patron-pdf","20":"product_tag-patron-trench","21":"product_tag-pdf-sewing-pattern","22":"product_tag-poches-raglan","23":"product_tag-sewing-pattern","24":"product_tag-style-elegant","25":"product_tag-style-intemporel","26":"product_tag-summer-dress","27":"product_tag-trench","28":"product_tag-trench-croise","29":"product_tag-trench-elegant","30":"product_tag-trench-en-coton","31":"product_tag-trench-long","32":"product_tag-tutoriel-couture","33":"product_tag-video-tutorial-sewing-pattern","35":"first","36":"instock","37":"taxable","38":"shipping-taxable","39":"purchasable","40":"product-type-variable"},"acf":[],"_links":{"self":[{"href":"https:\/\/methodemathilde.com\/en\/wp-json\/wp\/v2\/product\/5421"}],"collection":[{"href":"https:\/\/methodemathilde.com\/en\/wp-json\/wp\/v2\/product"}],"about":[{"href":"https:\/\/methodemathilde.com\/en\/wp-json\/wp\/v2\/types\/product"}],"version-history":[{"count":0,"href":"https:\/\/methodemathilde.com\/en\/wp-json\/wp\/v2\/product\/5421\/revisions"}],"wp:featuredmedia":[{"embeddable":true,"href":"https:\/\/methodemathilde.com\/en\/wp-json\/wp\/v2\/media\/11433"}],"wp:attachment":[{"href":"https:\/\/methodemathilde.com\/en\/wp-json\/wp\/v2\/media?parent=5421"}],"wp:term":[{"taxonomy":"product_brand","embeddable":true,"href":"https:\/\/methodemathilde.com\/en\/wp-json\/wp\/v2\/product_brand?post=5421"},{"taxonomy":"product_cat","embeddable":true,"href":"https:\/\/methodemathilde.com\/en\/wp-json\/wp\/v2\/product_cat?post=5421"},{"taxonomy":"product_tag","embeddable":true,"href":"https:\/\/methodemathilde.com\/en\/wp-json\/wp\/v2\/product_tag?post=5421"}],"curies":[{"name":"wp","href":"https:\/\/api.w.org\/{rel}","templated":true}]}}