{"id":5013,"date":"2023-08-03T20:15:25","date_gmt":"2023-08-03T18:15:25","guid":{"rendered":"https:\/\/methodemathilde.com\/?post_type=product&#038;p=5013"},"modified":"2026-04-25T16:27:15","modified_gmt":"2026-04-25T14:27:15","slug":"robe-haut-et-jupe-antoinette","status":"publish","type":"product","link":"https:\/\/methodemathilde.com\/en\/product\/robe-haut-et-jupe-antoinette\/","title":{"rendered":"Antoinette dress, top and skirt"},"content":{"rendered":"<p style=\"font-weight: 300;\">Romantic, flattering, the Antoinette dress will ensure you look your best at \nall times. Its vintage inspired design will bring a poetic touch to your summer. It it possible to sew the design as a top or a skirt, with different options (straps, frills) for you to vary your projects.<\/p>\n<p>&nbsp;<\/p>\n<p>The design characteristics:<\/p>\n<ul>\n<li>Curved cleavage<\/li>\n<li>Close fitted waist<\/li>\n<li>Gathered straps, thin or large<\/li>\n<li>Panel skirt with gathers, midi length, with or without frills<\/li>\n<li>Invisible zipper in the back<\/li>\n<\/ul>","protected":false},"excerpt":{"rendered":"<p>Romantique et flatteuse, la robe Antoinette saura vous mettre en valeur. Sa coupe aux inspirations vintage apportera une touche de po\u00e9sie \u00e0 votre \u00e9t\u00e9. D\u00e9clinable en haut ou bien en jupe, comportant diverses options (bretelles, volants), ce mod\u00e8le vous permettra de varier les projets. &nbsp; Caract\u00e9ristiques du mod\u00e8le : D\u00e9collet\u00e9 incurv\u00e9 Taille ajust\u00e9e Bretelles fronc\u00e9es, [&hellip;]<\/p>","protected":false},"featured_media":11429,"template":"","meta":{"_acf_changed":false},"product_brand":[],"product_cat":[75,45,18],"product_tag":[165,164,163,117,116,88,20,57,93,162,161,166,131,160,155,33,22,72,89,157,159,153,59,114],"class_list":{"0":"post-5013","1":"product","2":"type-product","3":"status-publish","4":"has-post-thumbnail","6":"product_cat-haut","7":"product_cat-jupes","8":"product_cat-robes","9":"product_tag-bustier-incurve","10":"product_tag-decollete-incurve","11":"product_tag-jupe-a-volants","12":"product_tag-patron-de-couture-debutant","13":"product_tag-patron-de-couture-tutoriel-video","14":"product_tag-patron-pdf","15":"product_tag-patron-robe","16":"product_tag-patron-robe-facile","17":"product_tag-pdf-sewing-pattern","18":"product_tag-robe-a-volants","19":"product_tag-robe-bustier","20":"product_tag-robe-cottagecore","21":"product_tag-robe-de-demoiselle-dhonneur","22":"product_tag-robe-de-princesse","23":"product_tag-robe-ete","24":"product_tag-robe-qui-tourne","25":"product_tag-robe-romantique","26":"product_tag-robe-sexy","27":"product_tag-sewing-pattern","28":"product_tag-sexy-dress","29":"product_tag-strap-dress","30":"product_tag-summer-dress","31":"product_tag-tutoriel-couture","32":"product_tag-video-tutorial-sewing-pattern","34":"first","35":"instock","36":"taxable","37":"shipping-taxable","38":"purchasable","39":"product-type-variable"},"acf":[],"_links":{"self":[{"href":"https:\/\/methodemathilde.com\/en\/wp-json\/wp\/v2\/product\/5013"}],"collection":[{"href":"https:\/\/methodemathilde.com\/en\/wp-json\/wp\/v2\/product"}],"about":[{"href":"https:\/\/methodemathilde.com\/en\/wp-json\/wp\/v2\/types\/product"}],"version-history":[{"count":0,"href":"https:\/\/methodemathilde.com\/en\/wp-json\/wp\/v2\/product\/5013\/revisions"}],"wp:featuredmedia":[{"embeddable":true,"href":"https:\/\/methodemathilde.com\/en\/wp-json\/wp\/v2\/media\/11429"}],"wp:attachment":[{"href":"https:\/\/methodemathilde.com\/en\/wp-json\/wp\/v2\/media?parent=5013"}],"wp:term":[{"taxonomy":"product_brand","embeddable":true,"href":"https:\/\/methodemathilde.com\/en\/wp-json\/wp\/v2\/product_brand?post=5013"},{"taxonomy":"product_cat","embeddable":true,"href":"https:\/\/methodemathilde.com\/en\/wp-json\/wp\/v2\/product_cat?post=5013"},{"taxonomy":"product_tag","embeddable":true,"href":"https:\/\/methodemathilde.com\/en\/wp-json\/wp\/v2\/product_tag?post=5013"}],"curies":[{"name":"wp","href":"https:\/\/api.w.org\/{rel}","templated":true}]}}