{"id":4906,"date":"2023-07-18T21:25:21","date_gmt":"2023-07-18T19:25:21","guid":{"rendered":"https:\/\/methodemathilde.com\/?post_type=product&#038;p=4906"},"modified":"2026-04-26T00:24:34","modified_gmt":"2026-04-25T22:24:34","slug":"giselle-robe-decollete-coeur","status":"publish","type":"product","link":"https:\/\/methodemathilde.com\/en\/product\/giselle-robe-decollete-coeur\/","title":{"rendered":"Giselle :<br>robe d\u00e9collet\u00e9 c\u0153ur"},"content":{"rendered":"<p>Easy, feminine, flattering, the Giselle dress will be your wardrobe\u2019s go to. Its elegant fit will enhance your figure and its seatheart neckline will bring a romantic touch to your outfits. This design, destined to knit fabrics, has diverse bodice, sleeve length and skirt's options for you to vary projects. Depending on the chosen version and material, you can make it <span class=\"WdYUQQ text-decoration-none text-strikethrough-none\">a wintery pullover dress or a summery mini dress.<\/span>You can interpret it as seasons go by !<\/p>\n<p>&nbsp;<\/p>\n<p>The design characteristics:<\/p>\n<ul>\n<li>Sweetheart neckline<\/li>\n<li>Close fitted waist<\/li>\n<li>Long fitted sleeves, short ones or straps<\/li>\n<li>Midi skirt, lightly flared or mini one<\/li>\n<li>Made for knit fabrics with a 20% elasticity rate<\/li>\n<li>Possibilit\u00e9 d&rsquo;ajouter une ceinture pour souligner la taille<\/li>\n<\/ul>","protected":false},"excerpt":{"rendered":"<p>Facile, f\u00e9minine, flatteuse, la robe Giselle se fera l\u2019alli\u00e9e de vos plus belles tenues. Sa coupe \u00e9l\u00e9gante mettra en valeur votre silhouette et son d\u00e9collet\u00e9 c\u0153ur apportera une touche romantique \u00e0 votre garde-robe. Ce mod\u00e8le destin\u00e9 aux tissus maille comporte diverses options de buste, d&#8217;emmanchure et de longueur de jupe afin de varier les projets. [&hellip;]<\/p>","protected":false},"featured_media":11426,"template":"","meta":{"_acf_changed":false},"product_brand":[],"product_cat":[18],"product_tag":[118,76,58,152,101,100,103,102,99,70,117,116,86,88,93,158,156,154,155,72,89,157,159,153,151,59,114],"class_list":{"0":"post-4906","1":"product","2":"type-product","3":"status-publish","4":"has-post-thumbnail","6":"product_cat-robes","7":"product_tag-beginner-sewing-pattern","8":"product_tag-coudre-la-maille","9":"product_tag-couture-facile","10":"product_tag-knit-dress","11":"product_tag-mode-parisienne","12":"product_tag-parisian","13":"product_tag-parisian-fashion","14":"product_tag-parisian-girl","15":"product_tag-parisienne","16":"product_tag-patron-de-couture","17":"product_tag-patron-de-couture-debutant","18":"product_tag-patron-de-couture-tutoriel-video","19":"product_tag-patron-maille","20":"product_tag-patron-pdf","21":"product_tag-pdf-sewing-pattern","22":"product_tag-robe-bretelles-maille","23":"product_tag-robe-decollete-coeur","24":"product_tag-robe-en-maille","25":"product_tag-robe-ete","26":"product_tag-robe-sexy","27":"product_tag-sewing-pattern","28":"product_tag-sexy-dress","29":"product_tag-strap-dress","30":"product_tag-summer-dress","31":"product_tag-sweetheart-dress","32":"product_tag-tutoriel-couture","33":"product_tag-video-tutorial-sewing-pattern","35":"first","36":"instock","37":"taxable","38":"shipping-taxable","39":"purchasable","40":"product-type-variable"},"acf":[],"_links":{"self":[{"href":"https:\/\/methodemathilde.com\/en\/wp-json\/wp\/v2\/product\/4906"}],"collection":[{"href":"https:\/\/methodemathilde.com\/en\/wp-json\/wp\/v2\/product"}],"about":[{"href":"https:\/\/methodemathilde.com\/en\/wp-json\/wp\/v2\/types\/product"}],"version-history":[{"count":0,"href":"https:\/\/methodemathilde.com\/en\/wp-json\/wp\/v2\/product\/4906\/revisions"}],"wp:featuredmedia":[{"embeddable":true,"href":"https:\/\/methodemathilde.com\/en\/wp-json\/wp\/v2\/media\/11426"}],"wp:attachment":[{"href":"https:\/\/methodemathilde.com\/en\/wp-json\/wp\/v2\/media?parent=4906"}],"wp:term":[{"taxonomy":"product_brand","embeddable":true,"href":"https:\/\/methodemathilde.com\/en\/wp-json\/wp\/v2\/product_brand?post=4906"},{"taxonomy":"product_cat","embeddable":true,"href":"https:\/\/methodemathilde.com\/en\/wp-json\/wp\/v2\/product_cat?post=4906"},{"taxonomy":"product_tag","embeddable":true,"href":"https:\/\/methodemathilde.com\/en\/wp-json\/wp\/v2\/product_tag?post=4906"}],"curies":[{"name":"wp","href":"https:\/\/api.w.org\/{rel}","templated":true}]}}