{"id":4341,"date":"2023-05-04T10:38:54","date_gmt":"2023-05-04T08:38:54","guid":{"rendered":"https:\/\/methodemathilde.com\/?post_type=product&#038;p=4341"},"modified":"2025-12-10T17:16:16","modified_gmt":"2025-12-10T16:16:16","slug":"blouse-olympe","status":"publish","type":"product","link":"https:\/\/methodemathilde.com\/en\/product\/blouse-olympe\/","title":{"rendered":"Olympe blouse"},"content":{"rendered":"<p>Poetic, romantic, the Olympe blouse will enchant you this summer. Its delicate shape and refined details will bring a little vintage touch to your wardrobe. This design presents diverse options for you to interpret it as you wish!<\/p>\n<p>&nbsp;<\/p>\n<p>The design characteristics:<\/p>\n<ul>\n<li>Square cleavage gathered thanks to a ribbon<\/li>\n<li>Buttoning loops or bows on the middle front<\/li>\n<li>Flared or close fitted waist<\/li>\n<li>Under the waist or hips length<\/li>\n<li>Sleeveless of short puff sleeves<\/li>\n<li>English embroidery details<\/li>\n<li>Fully lined (except the sleeves)<\/li>\n<\/ul>\n<p>&nbsp;<\/p>\n<p>This pattern is available in PDF format only.<\/p>","protected":false},"excerpt":{"rendered":"<p>Po\u00e9tique, romantique, la blouse Olympe vous enchantera cet \u00e9t\u00e9. Sa coupe d\u00e9licate et ses d\u00e9tails raffin\u00e9s apporteront une petite touche vintage \u00e0 votre garde-robe. Ce mod\u00e8le comporte diverses options de coupe, \u00e0 vous de l\u2019interpr\u00e9ter \u00e0 souhait au fil de vos envies ! &nbsp; Caract\u00e9ristiques du mod\u00e8le : D\u00e9collet\u00e9 carr\u00e9 fronc\u00e9 gr\u00e2ce \u00e0 un ruban [&hellip;]<\/p>","protected":false},"featured_media":11422,"template":"","meta":{"_acf_changed":false},"product_brand":[],"product_cat":[74,210,75],"product_tag":[118,149,148,147,145,143,150,58,78,79,101,100,103,102,99,144,146,70,117,116,88,77,80,85,93,89,90,59,114],"class_list":{"0":"post-4341","1":"product","2":"type-product","3":"status-publish","4":"has-post-thumbnail","6":"product_cat-blouse","7":"product_cat-chemise","8":"product_cat-haut","9":"product_tag-beginner-sewing-pattern","10":"product_tag-blouse-avec-boutons","11":"product_tag-blouse-avec-noeuds","12":"product_tag-blouse-broderie-anglaise","13":"product_tag-blouse-cottagecore","14":"product_tag-blouse-romantique","15":"product_tag-blouse-vintage","16":"product_tag-couture-facile","17":"product_tag-haut-decollete-coeur","18":"product_tag-haut-romantique","19":"product_tag-mode-parisienne","20":"product_tag-parisian","21":"product_tag-parisian-fashion","22":"product_tag-parisian-girl","23":"product_tag-parisienne","24":"product_tag-patron-blouse","25":"product_tag-patron-blouse-cottagecore","26":"product_tag-patron-de-couture","27":"product_tag-patron-de-couture-debutant","28":"product_tag-patron-de-couture-tutoriel-video","29":"product_tag-patron-pdf","30":"product_tag-patron-petit-haut","31":"product_tag-patron-pull","32":"product_tag-patron-t-shirt","33":"product_tag-pdf-sewing-pattern","34":"product_tag-sewing-pattern","35":"product_tag-top-sewing-pattern","36":"product_tag-tutoriel-couture","37":"product_tag-video-tutorial-sewing-pattern","39":"first","40":"instock","41":"downloadable","42":"virtual","43":"taxable","44":"purchasable","45":"product-type-simple"},"acf":[],"_links":{"self":[{"href":"https:\/\/methodemathilde.com\/en\/wp-json\/wp\/v2\/product\/4341"}],"collection":[{"href":"https:\/\/methodemathilde.com\/en\/wp-json\/wp\/v2\/product"}],"about":[{"href":"https:\/\/methodemathilde.com\/en\/wp-json\/wp\/v2\/types\/product"}],"version-history":[{"count":0,"href":"https:\/\/methodemathilde.com\/en\/wp-json\/wp\/v2\/product\/4341\/revisions"}],"wp:featuredmedia":[{"embeddable":true,"href":"https:\/\/methodemathilde.com\/en\/wp-json\/wp\/v2\/media\/11422"}],"wp:attachment":[{"href":"https:\/\/methodemathilde.com\/en\/wp-json\/wp\/v2\/media?parent=4341"}],"wp:term":[{"taxonomy":"product_brand","embeddable":true,"href":"https:\/\/methodemathilde.com\/en\/wp-json\/wp\/v2\/product_brand?post=4341"},{"taxonomy":"product_cat","embeddable":true,"href":"https:\/\/methodemathilde.com\/en\/wp-json\/wp\/v2\/product_cat?post=4341"},{"taxonomy":"product_tag","embeddable":true,"href":"https:\/\/methodemathilde.com\/en\/wp-json\/wp\/v2\/product_tag?post=4341"}],"curies":[{"name":"wp","href":"https:\/\/api.w.org\/{rel}","templated":true}]}}