{"id":3799,"date":"2023-02-05T21:38:17","date_gmt":"2023-02-05T20:38:17","guid":{"rendered":"https:\/\/methodemathilde.com\/?post_type=product&#038;p=3799"},"modified":"2026-04-02T22:05:12","modified_gmt":"2026-04-02T20:05:12","slug":"giselle-haut-decollete-coeur","status":"publish","type":"product","link":"https:\/\/methodemathilde.com\/en\/product\/giselle-haut-decollete-coeur\/","title":{"rendered":"Giselle :<br>haut d\u00e9collet\u00e9 c\u0153ur"},"content":{"rendered":"<p>Easy, feminine, flattering, the Giselle top will be your wardrobe\u2019s go to. Its heart cleavage will bring a romantic touch to your outfits. This design, destined to knit fabrics, has diverse bodice and sleeves lengths\u2019 options. Depending on the chosen version and material, Giselle can be declined in a wintery pullover, a springtime polo-neck or a summery crop top. You can interpret it as you wish as seasons go by!<\/p>\n<p>&nbsp;<\/p>\n<p>The design characteristics:<\/p>\n<ul>\n<li>Sweetheart neckline<\/li>\n<li>Close fitted waist<\/li>\n<li>Hips or waist length<\/li>\n<li>Long fitted sleeves or short ones<\/li>\n<li>Made for knit fabrics with a 20% elasticity rate<\/li>\n<\/ul>","protected":false},"excerpt":{"rendered":"<p>Facile, f\u00e9minin, flatteur, le haut Giselle se fera l\u2019incontournable de votre garde-robe. Son d\u00e9collet\u00e9 c\u0153ur apportera une touche romantique \u00e0 vos tenues. Ce mod\u00e8le destin\u00e9 aux tissus maille comporte diverses options de longueur de buste et de manches. En fonction de la version et du tissu s\u00e9lectionn\u00e9, il se d\u00e9clinera aussi bien en pull hivernal, [&hellip;]<\/p>","protected":false},"featured_media":11419,"template":"","meta":{"_acf_changed":false},"product_brand":[],"product_cat":[75,115],"product_tag":[118,76,81,83,82,84,58,78,79,98,95,91,92,101,100,103,102,99,87,70,117,116,86,88,77,80,97,96,85,93,94,89,90,59,114],"class_list":{"0":"post-3799","1":"product","2":"type-product","3":"status-publish","4":"has-post-thumbnail","6":"product_cat-haut","7":"product_cat-pull","8":"product_tag-beginner-sewing-pattern","9":"product_tag-coudre-la-maille","10":"product_tag-coudre-un-pull","11":"product_tag-coudre-un-pull-en-maille","12":"product_tag-coudre-un-sous-pull","13":"product_tag-coudre-un-t-shirt","14":"product_tag-couture-facile","15":"product_tag-haut-decollete-coeur","16":"product_tag-haut-romantique","17":"product_tag-heart-neckline-sweater","18":"product_tag-heart-neckline-top","19":"product_tag-knit-sewing-pattern","20":"product_tag-knit-top-sewing-pattern","21":"product_tag-mode-parisienne","22":"product_tag-parisian","23":"product_tag-parisian-fashion","24":"product_tag-parisian-girl","25":"product_tag-parisienne","26":"product_tag-patron-couture-pull-femme","27":"product_tag-patron-de-couture","28":"product_tag-patron-de-couture-debutant","29":"product_tag-patron-de-couture-tutoriel-video","30":"product_tag-patron-maille","31":"product_tag-patron-pdf","32":"product_tag-patron-petit-haut","33":"product_tag-patron-pull","34":"product_tag-patron-pull-decollete-coeur","35":"product_tag-patron-sous-pull-decollete-coeur","36":"product_tag-patron-t-shirt","37":"product_tag-pdf-sewing-pattern","38":"product_tag-pull-decollete-coeur","39":"product_tag-sewing-pattern","40":"product_tag-top-sewing-pattern","41":"product_tag-tutoriel-couture","42":"product_tag-video-tutorial-sewing-pattern","44":"first","45":"instock","46":"taxable","47":"shipping-taxable","48":"purchasable","49":"product-type-variable"},"acf":[],"_links":{"self":[{"href":"https:\/\/methodemathilde.com\/en\/wp-json\/wp\/v2\/product\/3799"}],"collection":[{"href":"https:\/\/methodemathilde.com\/en\/wp-json\/wp\/v2\/product"}],"about":[{"href":"https:\/\/methodemathilde.com\/en\/wp-json\/wp\/v2\/types\/product"}],"version-history":[{"count":0,"href":"https:\/\/methodemathilde.com\/en\/wp-json\/wp\/v2\/product\/3799\/revisions"}],"wp:featuredmedia":[{"embeddable":true,"href":"https:\/\/methodemathilde.com\/en\/wp-json\/wp\/v2\/media\/11419"}],"wp:attachment":[{"href":"https:\/\/methodemathilde.com\/en\/wp-json\/wp\/v2\/media?parent=3799"}],"wp:term":[{"taxonomy":"product_brand","embeddable":true,"href":"https:\/\/methodemathilde.com\/en\/wp-json\/wp\/v2\/product_brand?post=3799"},{"taxonomy":"product_cat","embeddable":true,"href":"https:\/\/methodemathilde.com\/en\/wp-json\/wp\/v2\/product_cat?post=3799"},{"taxonomy":"product_tag","embeddable":true,"href":"https:\/\/methodemathilde.com\/en\/wp-json\/wp\/v2\/product_tag?post=3799"}],"curies":[{"name":"wp","href":"https:\/\/api.w.org\/{rel}","templated":true}]}}