{"id":3462,"date":"2022-12-16T22:24:12","date_gmt":"2022-12-16T21:24:12","guid":{"rendered":"https:\/\/methodemathilde.com\/?post_type=product&#038;p=3462"},"modified":"2025-11-11T19:03:06","modified_gmt":"2025-11-11T18:03:06","slug":"blouse-et-robe-scarlette","status":"publish","type":"product","link":"https:\/\/methodemathilde.com\/en\/product\/blouse-et-robe-scarlette\/","title":{"rendered":"Scarlette dress and blouse"},"content":{"rendered":"<p>Flattering, feminine, festive, the Scarlette dress will enchant you for all big occasions. At first sight sage, its generous bare back will create the surprise. In its blouse version, the design will distinguish itself by its romantic and vintage inspired aesthetic.<\/p>\n<p>&nbsp;<\/p>\n<p>The design characteristics:<\/p>\n<ul>\n<li>Close-fitted collar with buttons<\/li>\n<li>Gathered neckline<\/li>\n<li>Raglan puff sleeves<\/li>\n<li>Bare back<\/li>\n<li>Fitted waist<\/li>\n<li>Short close-fitted skirt<\/li>\n<li>Bow in the back for the blouse<\/li>\n<li>Invisible zipper in the back for the dress<\/li>\n<li>Fully lined<\/li>\n<\/ul>\n<p>&nbsp;<\/p>\n<p>This pattern is available in PDF format only.<\/p>","protected":false},"excerpt":{"rendered":"<p>Flatteuse, f\u00e9minine, festive, la robe Scarlette vous enchantera pour toutes les grandes occasions. De premier abord sage, son g\u00e9n\u00e9reux dos nu cr\u00e9era la surprise. D\u00e9clin\u00e9 en blouse, le mod\u00e8le se distinguera de par sa coupe romantique aux inspirations vintage. &nbsp; Caract\u00e9ristiques du mod\u00e8le : Col pr\u00e8s du cou avec boutons Fronces \u00e0 l&rsquo;encolure Manches raglans [&hellip;]<\/p>","protected":false},"featured_media":11416,"template":"","meta":{"_acf_changed":false},"product_brand":[],"product_cat":[74,18],"product_tag":[121,124,129,122,128,123,119,73,120,125,58,66,64,101,100,103,102,99,21,69,70,127,107,126,65,20,57,93,19,67,68,32,71,22,72,89,59],"class_list":{"0":"post-3462","1":"product","2":"type-product","3":"status-publish","4":"has-post-thumbnail","6":"product_cat-blouse","7":"product_cat-robes","8":"product_tag-apprendre-a-coudre","9":"product_tag-bare-back-blouse","10":"product_tag-bare-back-blouse-sewing-pattern","11":"product_tag-bare-back-dress","12":"product_tag-bare-back-dress-sewing-pattern","13":"product_tag-bare-back-top","14":"product_tag-blouse-dos-nu","15":"product_tag-blouse-elegante","16":"product_tag-blouse-noeud","17":"product_tag-bow-blouse","18":"product_tag-couture-facile","19":"product_tag-haut-dos-nu","20":"product_tag-look-de-fetes","21":"product_tag-mode-parisienne","22":"product_tag-parisian","23":"product_tag-parisian-fashion","24":"product_tag-parisian-girl","25":"product_tag-parisienne","26":"product_tag-patron-couture","27":"product_tag-patron-de-blouse","28":"product_tag-patron-de-couture","29":"product_tag-patron-de-couture-blouse-dos-nu","30":"product_tag-patron-de-couture-pdf","31":"product_tag-patron-de-couture-robe-dos-nu","32":"product_tag-patron-de-fetes","33":"product_tag-patron-robe","34":"product_tag-patron-robe-facile","35":"product_tag-pdf-sewing-pattern","36":"product_tag-robe","37":"product_tag-robe-de-noel","38":"product_tag-robe-de-nouvel-an","39":"product_tag-robe-dos-nu","40":"product_tag-robe-elegante","41":"product_tag-robe-romantique","42":"product_tag-robe-sexy","43":"product_tag-sewing-pattern","44":"product_tag-tutoriel-couture","46":"first","47":"instock","48":"downloadable","49":"virtual","50":"taxable","51":"purchasable","52":"product-type-simple"},"acf":[],"_links":{"self":[{"href":"https:\/\/methodemathilde.com\/en\/wp-json\/wp\/v2\/product\/3462"}],"collection":[{"href":"https:\/\/methodemathilde.com\/en\/wp-json\/wp\/v2\/product"}],"about":[{"href":"https:\/\/methodemathilde.com\/en\/wp-json\/wp\/v2\/types\/product"}],"version-history":[{"count":0,"href":"https:\/\/methodemathilde.com\/en\/wp-json\/wp\/v2\/product\/3462\/revisions"}],"wp:featuredmedia":[{"embeddable":true,"href":"https:\/\/methodemathilde.com\/en\/wp-json\/wp\/v2\/media\/11416"}],"wp:attachment":[{"href":"https:\/\/methodemathilde.com\/en\/wp-json\/wp\/v2\/media?parent=3462"}],"wp:term":[{"taxonomy":"product_brand","embeddable":true,"href":"https:\/\/methodemathilde.com\/en\/wp-json\/wp\/v2\/product_brand?post=3462"},{"taxonomy":"product_cat","embeddable":true,"href":"https:\/\/methodemathilde.com\/en\/wp-json\/wp\/v2\/product_cat?post=3462"},{"taxonomy":"product_tag","embeddable":true,"href":"https:\/\/methodemathilde.com\/en\/wp-json\/wp\/v2\/product_tag?post=3462"}],"curies":[{"name":"wp","href":"https:\/\/api.w.org\/{rel}","templated":true}]}}