{"id":2916,"date":"2022-09-06T19:07:51","date_gmt":"2022-09-06T17:07:51","guid":{"rendered":"https:\/\/methodemathilde.com\/?post_type=product&#038;p=2916"},"modified":"2026-04-02T18:19:14","modified_gmt":"2026-04-02T16:19:14","slug":"robe-et-jupe-edmee","status":"publish","type":"product","link":"https:\/\/methodemathilde.com\/en\/product\/robe-et-jupe-edmee\/","title":{"rendered":"Edm\u00e9e dress and skirt"},"content":{"rendered":"<p>Refined, structured, the Edm\u00e9ee dress will charm you. Conceived to be worn on top of a shirt or a sweater, its flattering cut will be the ally of your most stunning autumn looks. In its skirt version, the design will distinguish itself by the richness of its details.<\/p>\n<p>&nbsp;<\/p>\n<p>The design characteristics:<\/p>\n<ul>\n<li>Square neckline<\/li>\n<li>Princess yokes<\/li>\n<li>Functional button tab on the front<\/li>\n<li>Slightly flared mini skirt<\/li>\n<li>Structured cut<\/li>\n<li>Decorative pockets<\/li>\n<li>Fully lined<\/li>\n<\/ul>","protected":false},"excerpt":{"rendered":"<p>Distingu\u00e9e, structur\u00e9e, la robe Edm\u00e9e saura vous charmer. Con\u00e7ue pour \u00eatre port\u00e9e au-dessus d\u2019une chemise ou d&rsquo;un sous-pull, sa coupe flatteuse sera l\u2019alli\u00e9e de vos plus belles tenues d\u2019automne. D\u00e9clin\u00e9 en jupe, le mod\u00e8le se distinguera par la richesse de ses d\u00e9tails. &nbsp; Caract\u00e9ristiques du mod\u00e8le : D\u00e9collet\u00e9 carr\u00e9 D\u00e9coupe princesse Boutonni\u00e8re fonctionnelle sur le [&hellip;]<\/p>","protected":false},"featured_media":11410,"template":"","meta":{"_acf_changed":false},"product_brand":[],"product_cat":[45,18],"product_tag":[108,105,104,58,110,111,47,62,101,100,102,106,99,50,21,107,46,20,57,93,19,55,56,52,54,63,61,60,53,89,112,48,59,109,114,113],"class_list":{"0":"post-2916","1":"product","2":"type-product","3":"status-publish","4":"has-post-thumbnail","6":"product_cat-jupes","7":"product_cat-robes","8":"product_tag-chanel-dress","9":"product_tag-chanel-style","10":"product_tag-chasuble-dress","11":"product_tag-couture-facile","12":"product_tag-dress","13":"product_tag-dress-sewing-pattern","14":"product_tag-jupe","15":"product_tag-look-dautomne","16":"product_tag-mode-parisienne","17":"product_tag-parisian","18":"product_tag-parisian-girl","19":"product_tag-parisien-fashion","20":"product_tag-parisienne","21":"product_tag-patron-back-to-school","22":"product_tag-patron-couture","23":"product_tag-patron-de-couture-pdf","24":"product_tag-patron-jupe","25":"product_tag-patron-robe","26":"product_tag-patron-robe-facile","27":"product_tag-pdf-sewing-pattern","28":"product_tag-robe","29":"product_tag-robe-back-to-school","30":"product_tag-robe-boutonnieres","31":"product_tag-robe-chasuble","32":"product_tag-robe-dautomne","33":"product_tag-robe-demi-saison","34":"product_tag-robe-en-laine","35":"product_tag-robe-en-tweed","36":"product_tag-robe-style-chanel","37":"product_tag-sewing-pattern","38":"product_tag-skirt-sewing-pattern","39":"product_tag-style-chanel","40":"product_tag-tutoriel-couture","41":"product_tag-tweed-dress","42":"product_tag-video-tutorial-sewing-pattern","43":"product_tag-wool-dress","45":"first","46":"instock","47":"taxable","48":"shipping-taxable","49":"purchasable","50":"product-type-variable"},"acf":[],"_links":{"self":[{"href":"https:\/\/methodemathilde.com\/en\/wp-json\/wp\/v2\/product\/2916"}],"collection":[{"href":"https:\/\/methodemathilde.com\/en\/wp-json\/wp\/v2\/product"}],"about":[{"href":"https:\/\/methodemathilde.com\/en\/wp-json\/wp\/v2\/types\/product"}],"version-history":[{"count":0,"href":"https:\/\/methodemathilde.com\/en\/wp-json\/wp\/v2\/product\/2916\/revisions"}],"wp:featuredmedia":[{"embeddable":true,"href":"https:\/\/methodemathilde.com\/en\/wp-json\/wp\/v2\/media\/11410"}],"wp:attachment":[{"href":"https:\/\/methodemathilde.com\/en\/wp-json\/wp\/v2\/media?parent=2916"}],"wp:term":[{"taxonomy":"product_brand","embeddable":true,"href":"https:\/\/methodemathilde.com\/en\/wp-json\/wp\/v2\/product_brand?post=2916"},{"taxonomy":"product_cat","embeddable":true,"href":"https:\/\/methodemathilde.com\/en\/wp-json\/wp\/v2\/product_cat?post=2916"},{"taxonomy":"product_tag","embeddable":true,"href":"https:\/\/methodemathilde.com\/en\/wp-json\/wp\/v2\/product_tag?post=2916"}],"curies":[{"name":"wp","href":"https:\/\/api.w.org\/{rel}","templated":true}]}}