{"id":13518,"date":"2026-01-27T17:19:49","date_gmt":"2026-01-27T16:19:49","guid":{"rendered":"https:\/\/methodemathilde.com\/?post_type=product&#038;p=13518"},"modified":"2026-04-22T06:40:34","modified_gmt":"2026-04-22T04:40:34","slug":"haut-rebecca","status":"publish","type":"product","link":"https:\/\/methodemathilde.com\/en\/product\/haut-rebecca\/","title":{"rendered":"Rebecca :<br>haut cache-c\u0153ur"},"content":{"rendered":"<p class=\"cvGsUA direction-ltr align-center para-style-body\"><span class=\"a_GcMg font-feature-liga-off font-feature-clig-off font-feature-calt-off text-decoration-none text-strikethrough-none\">Facile, f\u00e9minin et \u00e9l\u00e9gant, le haut Rebecca s\u2019inspire du vestiaire des danseuses. <\/span><span class=\"a_GcMg font-feature-liga-off font-feature-clig-off font-feature-calt-off text-decoration-none text-strikethrough-none\">Son effet cache-c\u0153ur, son jeu de plis sur le c\u00f4t\u00e9, ses \u00e9paules l\u00e9g\u00e8rement d\u00e9gag\u00e9es et ses manches raglan lui conf\u00e8rent une allure aussi douce que moderne.<\/span><\/p>\n<p class=\"cvGsUA direction-ltr align-center para-style-body\"><span class=\"a_GcMg font-feature-liga-off font-feature-clig-off font-feature-calt-off text-decoration-none text-strikethrough-none\">Il comporte deux options de manches : une manche longue classique et une manche effet mitaine. Selon la version choisie et le tissu s\u00e9lectionn\u00e9, il se d\u00e9cline aussi bien en tenue de ville confortable qu\u2019en tenue de sport raffin\u00e9e. \u00c0 vous de l\u2019interpr\u00e9ter \u00e0 souhait au fil de vos envies !<\/span><\/p>\n<p>The design characteristics:<\/p>\n<ul>\n<li>D\u00e9collet\u00e9 effet cache-c\u0153ur<\/li>\n<li>Gathers on the side<\/li>\n<li>Close fitted waist<\/li>\n<li>Longueur petites hanches<\/li>\n<li>Manches longues ajust\u00e9es <span class=\"a_GcMg font-feature-liga-off font-feature-clig-off font-feature-calt-off text-decoration-none text-strikethrough-none\">ou manches mitaines<\/span><\/li>\n<li>Destin\u00e9 aux tissus maille pr\u00e9sentants un taux d&rsquo;\u00e9lasticit\u00e9 <span class=\"a_GcMg font-feature-liga-off font-feature-clig-off font-feature-calt-off text-strikethrough-none text-decoration-underline\">de 40% \u00e0 60%<\/span><\/li>\n<\/ul>","protected":false},"excerpt":{"rendered":"<p>Facile, f\u00e9minin et \u00e9l\u00e9gant, le haut Rebecca s\u2019inspire du vestiaire des danseuses. Son effet cache-c\u0153ur, son jeu de plis sur le c\u00f4t\u00e9, ses \u00e9paules l\u00e9g\u00e8rement d\u00e9gag\u00e9es et ses manches raglan lui conf\u00e8rent une allure aussi douce que moderne. Il comporte deux options de manches : une manche longue classique et une manche effet mitaine. Selon [&hellip;]<\/p>","protected":false},"featured_media":13705,"template":"","meta":{"_acf_changed":false},"product_brand":[],"product_cat":[75,115],"product_tag":[117,116,88,93,89,59,114],"class_list":{"0":"post-13518","1":"product","2":"type-product","3":"status-publish","4":"has-post-thumbnail","6":"product_cat-haut","7":"product_cat-pull","8":"product_tag-patron-de-couture-debutant","9":"product_tag-patron-de-couture-tutoriel-video","10":"product_tag-patron-pdf","11":"product_tag-pdf-sewing-pattern","12":"product_tag-sewing-pattern","13":"product_tag-tutoriel-couture","14":"product_tag-video-tutorial-sewing-pattern","16":"first","17":"instock","18":"taxable","19":"shipping-taxable","20":"purchasable","21":"product-type-variable"},"acf":[],"_links":{"self":[{"href":"https:\/\/methodemathilde.com\/en\/wp-json\/wp\/v2\/product\/13518"}],"collection":[{"href":"https:\/\/methodemathilde.com\/en\/wp-json\/wp\/v2\/product"}],"about":[{"href":"https:\/\/methodemathilde.com\/en\/wp-json\/wp\/v2\/types\/product"}],"version-history":[{"count":0,"href":"https:\/\/methodemathilde.com\/en\/wp-json\/wp\/v2\/product\/13518\/revisions"}],"wp:featuredmedia":[{"embeddable":true,"href":"https:\/\/methodemathilde.com\/en\/wp-json\/wp\/v2\/media\/13705"}],"wp:attachment":[{"href":"https:\/\/methodemathilde.com\/en\/wp-json\/wp\/v2\/media?parent=13518"}],"wp:term":[{"taxonomy":"product_brand","embeddable":true,"href":"https:\/\/methodemathilde.com\/en\/wp-json\/wp\/v2\/product_brand?post=13518"},{"taxonomy":"product_cat","embeddable":true,"href":"https:\/\/methodemathilde.com\/en\/wp-json\/wp\/v2\/product_cat?post=13518"},{"taxonomy":"product_tag","embeddable":true,"href":"https:\/\/methodemathilde.com\/en\/wp-json\/wp\/v2\/product_tag?post=13518"}],"curies":[{"name":"wp","href":"https:\/\/api.w.org\/{rel}","templated":true}]}}