{"id":12487,"date":"2025-11-16T14:09:00","date_gmt":"2025-11-16T13:09:00","guid":{"rendered":"https:\/\/methodemathilde.com\/?post_type=product&#038;p=12487"},"modified":"2026-04-29T07:08:08","modified_gmt":"2026-04-29T05:08:08","slug":"jupe-et-short-penelope-dupliquer","status":"publish","type":"product","link":"https:\/\/methodemathilde.com\/en\/product\/jupe-et-short-penelope-dupliquer\/","title":{"rendered":"P\u00e9n\u00e9lope skirt and shorts"},"content":{"rendered":"<p class=\"cvGsUA direction-ltr align-center para-style-body\"><span class=\"a_GcMg font-feature-liga-off font-feature-clig-off font-feature-calt-off text-decoration-none text-strikethrough-none\">P\u00e9n\u00e9lope is a duo of timeless sewing patterns designed for ambitious beginners. <\/span><span class=\"a_GcMg font-feature-liga-off font-feature-clig-off font-feature-calt-off text-decoration-none text-strikethrough-none\">With their high waists and flattering cuts, they will become the perfect companions to your most stylish autumn outfits. <\/span><span class=\"a_GcMg font-feature-liga-off font-feature-clig-off font-feature-calt-off text-decoration-none text-strikethrough-none\">Easy to sew and comfortable to wear, these patterns are ideal for learning how to attach a waistband, make patch pockets, insert an invisible zipper, and assemble a lining (optional), all with minimal hand sewing. <\/span><\/p>\n<p class=\"cvGsUA direction-ltr align-center para-style-body\"><span class=\"a_GcMg font-feature-liga-off font-feature-clig-off font-feature-calt-off text-decoration-none text-strikethrough-none\">Sew it in a heavy wool, a velvet, or a cotton twill: there are countless ways to make the P\u00e9n\u00e9lope designs your own. Feel free to interpret them however you like, inspired by your current mood and creativity!<\/span><\/p>\n<p>&nbsp;<\/p>\n<p style=\"font-weight: 300;\">Designs characteristics:<\/p>\n<ul style=\"font-weight: 300;\">\n<li>High waists<\/li>\n<li>Waistbands<\/li>\n<li>Slightly flared cuts<\/li>\n<li>Patch pockets<\/li>\n<li>Can be fully lined<\/li>\n<li>Invisible zipper: back for the skirt, side for the shorts<\/li>\n<\/ul>","protected":false},"excerpt":{"rendered":"<p>P\u00e9n\u00e9lope est un duo de patrons de couture intemporels, pens\u00e9s pour les d\u00e9butants ambitieux. Avec leurs tailles hautes et leurs coupes flatteuses, ils deviendront les alli\u00e9s de vos plus belles tenues d\u2019automne. Faciles \u00e0 coudre et agr\u00e9ables \u00e0 porter, ces mod\u00e8les sont id\u00e9aux pour apprendre \u00e0 monter une ceinture, r\u00e9aliser des poches plaqu\u00e9es, poser une [&hellip;]<\/p>","protected":false},"featured_media":12408,"template":"","meta":{"_acf_changed":false},"product_brand":[],"product_cat":[213,45,211],"product_tag":[117,116,88,93,89,59,114],"class_list":{"0":"post-12487","1":"product","2":"type-product","3":"status-publish","4":"has-post-thumbnail","6":"product_cat-shorts","7":"product_cat-jupes","8":"product_cat-pantalons","9":"product_tag-patron-de-couture-debutant","10":"product_tag-patron-de-couture-tutoriel-video","11":"product_tag-patron-pdf","12":"product_tag-pdf-sewing-pattern","13":"product_tag-sewing-pattern","14":"product_tag-tutoriel-couture","15":"product_tag-video-tutorial-sewing-pattern","17":"first","18":"instock","19":"taxable","20":"shipping-taxable","21":"purchasable","22":"product-type-variable"},"acf":[],"_links":{"self":[{"href":"https:\/\/methodemathilde.com\/en\/wp-json\/wp\/v2\/product\/12487"}],"collection":[{"href":"https:\/\/methodemathilde.com\/en\/wp-json\/wp\/v2\/product"}],"about":[{"href":"https:\/\/methodemathilde.com\/en\/wp-json\/wp\/v2\/types\/product"}],"version-history":[{"count":0,"href":"https:\/\/methodemathilde.com\/en\/wp-json\/wp\/v2\/product\/12487\/revisions"}],"wp:featuredmedia":[{"embeddable":true,"href":"https:\/\/methodemathilde.com\/en\/wp-json\/wp\/v2\/media\/12408"}],"wp:attachment":[{"href":"https:\/\/methodemathilde.com\/en\/wp-json\/wp\/v2\/media?parent=12487"}],"wp:term":[{"taxonomy":"product_brand","embeddable":true,"href":"https:\/\/methodemathilde.com\/en\/wp-json\/wp\/v2\/product_brand?post=12487"},{"taxonomy":"product_cat","embeddable":true,"href":"https:\/\/methodemathilde.com\/en\/wp-json\/wp\/v2\/product_cat?post=12487"},{"taxonomy":"product_tag","embeddable":true,"href":"https:\/\/methodemathilde.com\/en\/wp-json\/wp\/v2\/product_tag?post=12487"}],"curies":[{"name":"wp","href":"https:\/\/api.w.org\/{rel}","templated":true}]}}